{"id":401,"date":"2025-07-05T03:19:45","date_gmt":"2025-07-05T00:19:45","guid":{"rendered":"https:\/\/primebright3d.com\/?page_id=401"},"modified":"2025-07-05T03:28:29","modified_gmt":"2025-07-05T00:28:29","slug":"iletisim","status":"publish","type":"page","link":"https:\/\/primebright3d.com\/index.php\/iletisim\/","title":{"rendered":"\u0130leti\u015fim"},"content":{"rendered":"\t\t<div data-elementor-type=\"wp-page\" data-elementor-id=\"401\" class=\"elementor elementor-401\">\n\t\t\t\t<div class=\"elementor-element elementor-element-0d4c725 e-flex e-con-boxed e-con e-parent\" data-id=\"0d4c725\" data-element_type=\"container\">\n\t\t\t\t\t<div class=\"e-con-inner\">\n\t\t<div class=\"elementor-element elementor-element-5f2a90f e-con-full e-flex e-con e-child\" data-id=\"5f2a90f\" data-element_type=\"container\">\n\t\t\t\t<div class=\"elementor-element elementor-element-4648281 elementor-widget elementor-widget-text-editor\" data-id=\"4648281\" data-element_type=\"widget\" data-widget_type=\"text-editor.default\">\n\t\t\t\t<div class=\"elementor-widget-container\">\n\t\t\t\t\t\t\t\t\t<h2 style=\"caret-color: #000000; color: #000000;\" data-start=\"242\" data-end=\"263\"><img decoding=\"async\" class=\"emoji\" role=\"img\" draggable=\"false\" src=\"https:\/\/s.w.org\/images\/core\/emoji\/15.1.0\/svg\/1f4de.svg\" alt=\"\ud83d\udcde\" \/>\u00a0<strong data-start=\"248\" data-end=\"263\">Bize Ula\u015f\u0131n<\/strong><\/h2><p style=\"caret-color: #000000; color: #000000;\" data-start=\"265\" data-end=\"391\">PrimeBright3D olarak t\u00fcm sorular\u0131n\u0131z\u0131, sipari\u015f taleplerinizi ve \u00f6zel tasar\u0131m isteklerinizi yan\u0131tlamaktan memnuniyet duyar\u0131z.<br \/><br \/>\u00c7al\u0131\u015fma Saatlerimiz:<br data-start=\"911\" data-end=\"914\" \/>Pazartesi \u2013 Cumartesi: 09:00 \u2013 19:00<br data-start=\"952\" data-end=\"955\" \/>Pazar: Kapal\u0131<\/p><hr style=\"caret-color: #000000; color: #000000;\" data-start=\"393\" data-end=\"396\" \/><h3 style=\"caret-color: #000000; color: #000000;\" data-start=\"398\" data-end=\"430\"><img decoding=\"async\" class=\"emoji\" role=\"img\" draggable=\"false\" src=\"https:\/\/s.w.org\/images\/core\/emoji\/15.1.0\/svg\/2709.svg\" alt=\"\u2709\ufe0f\" \/>\u00a0<strong data-start=\"405\" data-end=\"430\">\u0130leti\u015fim Bilgilerimiz<\/strong><\/h3><p style=\"caret-color: #000000; color: #000000;\" data-start=\"431\" data-end=\"490\"><strong data-start=\"431\" data-end=\"441\">Adres:<\/strong><br data-start=\"441\" data-end=\"444\" \/>(Adres bilgisi eklemek istersen buraya yaz.)<\/p><p style=\"caret-color: #000000; color: #000000;\" data-start=\"492\" data-end=\"527\"><strong data-start=\"492\" data-end=\"504\">Telefon:<\/strong><br data-start=\"504\" data-end=\"507\" \/><img decoding=\"async\" class=\"emoji\" role=\"img\" draggable=\"false\" src=\"https:\/\/s.w.org\/images\/core\/emoji\/15.1.0\/svg\/1f4de.svg\" alt=\"\ud83d\udcde\" \/> +90 552 447 04 06<\/p><p style=\"caret-color: #000000; color: #000000;\" data-start=\"529\" data-end=\"569\"><strong data-start=\"529\" data-end=\"541\">E-posta:<\/strong><br data-start=\"541\" data-end=\"544\" \/><img decoding=\"async\" class=\"emoji\" role=\"img\" draggable=\"false\" src=\"https:\/\/s.w.org\/images\/core\/emoji\/15.1.0\/svg\/1f4e7.svg\" alt=\"\ud83d\udce7\" \/>\u00a0<a class=\"cursor-pointer\" rel=\"noopener\" data-start=\"547\" data-end=\"569\">info@primebright3d.com<\/a><\/p><p style=\"caret-color: #000000; color: #000000;\" data-start=\"571\" data-end=\"644\"><strong data-start=\"571\" data-end=\"585\">Instagram:<\/strong><br data-start=\"585\" data-end=\"588\" \/><img decoding=\"async\" class=\"emoji\" role=\"img\" draggable=\"false\" src=\"https:\/\/s.w.org\/images\/core\/emoji\/15.1.0\/svg\/1f4f8.svg\" alt=\"\ud83d\udcf8\" \/>\u00a0<a class=\"\" href=\"https:\/\/instagram.com\/primebright3d\" target=\"_new\" rel=\"noopener\" data-start=\"591\" data-end=\"644\">@primebright3d<\/a><\/p>\t\t\t\t\t\t\t\t<\/div>\n\t\t\t\t<\/div>\n\t\t\t\t<\/div>\n\t\t\t\t\t<\/div>\n\t\t\t\t<\/div>\n\t\t<div class=\"elementor-element elementor-element-b435ab0 e-flex e-con-boxed e-con e-parent\" data-id=\"b435ab0\" data-element_type=\"container\">\n\t\t\t\t\t<div class=\"e-con-inner\">\n\t\t\t\t<div class=\"elementor-element elementor-element-6284213 elementor-widget elementor-widget-shortcode\" data-id=\"6284213\" data-element_type=\"widget\" data-widget_type=\"shortcode.default\">\n\t\t\t\t<div class=\"elementor-widget-container\">\n\t\t\t\t\t\t\t<div class=\"elementor-shortcode\"><div class=\"forminator-ui forminator-custom-form forminator-custom-form-407 forminator-design--default  forminator_ajax\" data-forminator-render=\"0\" data-form=\"forminator-module-407\" data-uid=\"69e3853f25766\"><br\/><\/div><form\n\t\t\t\tid=\"forminator-module-407\"\n\t\t\t\tclass=\"forminator-ui forminator-custom-form forminator-custom-form-407 forminator-design--default  forminator_ajax\"\n\t\t\t\tmethod=\"post\"\n\t\t\t\tdata-forminator-render=\"0\"\n\t\t\t\tdata-form-id=\"407\"\n\t\t\t\t\n\t\t\t\tdata-design=\"default\"\n\t\t\t\t\n\t\t\t\t\n\t\t\t\t\n\t\t\t\tdata-grid=\"open\"\n\t\t\t\t\n\t\t\t\t\n\t\t\t\tstyle=\"display: none;\"\n\t\t\t\t\n\t\t\t\tdata-uid=\"69e3853f25766\"\n\t\t\t><div role=\"alert\" aria-live=\"polite\" class=\"forminator-response-message forminator-error\" aria-hidden=\"true\"><\/div><div class=\"forminator-row\"><div id=\"name-1\" class=\"forminator-field-name forminator-col forminator-col-12 \"><div class=\"forminator-field\"><label for=\"forminator-field-name-1_69e3853f25766\" id=\"forminator-field-name-1_69e3853f25766-label\" class=\"forminator-label\">\u0130lk Ad <span class=\"forminator-required\">*<\/span><\/label><input type=\"text\" name=\"name-1\" value=\"\" placeholder=\"\" id=\"forminator-field-name-1_69e3853f25766\" class=\"forminator-input forminator-name--field\" aria-required=\"true\" \/><\/div><\/div><\/div><div class=\"forminator-row\"><div id=\"email-1\" class=\"forminator-field-email forminator-col forminator-col-12 \"><div class=\"forminator-field\"><label for=\"forminator-field-email-1_69e3853f25766\" id=\"forminator-field-email-1_69e3853f25766-label\" class=\"forminator-label\">E-posta Adresi <span class=\"forminator-required\">*<\/span><\/label><input type=\"email\" name=\"email-1\" value=\"\" placeholder=\"\" id=\"forminator-field-email-1_69e3853f25766\" class=\"forminator-input forminator-email--field\" data-required=\"true\" aria-required=\"true\" \/><\/div><\/div><\/div><div class=\"forminator-row\"><div id=\"phone-1\" class=\"forminator-field-phone forminator-col forminator-col-12 \"><div class=\"forminator-field\"><label for=\"forminator-field-phone-1_69e3853f25766\" id=\"forminator-field-phone-1_69e3853f25766-label\" class=\"forminator-label\">Telefon Numaras\u0131<\/label><input type=\"text\" name=\"phone-1\" value=\"\" placeholder=\"\" id=\"forminator-field-phone-1_69e3853f25766\" class=\"forminator-input forminator-field--phone\" data-required=\"\" aria-required=\"false\" autocomplete=\"off\" \/><\/div><\/div><\/div><div class=\"forminator-row\"><div id=\"textarea-1\" class=\"forminator-field-textarea forminator-col forminator-col-12 \"><div class=\"forminator-field\"><label for=\"forminator-field-textarea-1_69e3853f25766\" id=\"forminator-field-textarea-1_69e3853f25766-label\" class=\"forminator-label\">Mesaj<\/label><span id=\"forminator-field-textarea-1_69e3853f25766-description\" class=\"forminator-description\"><span data-limit=\"180\" data-type=\"characters\" data-editor=\"\">0 \/ 180<\/span><\/span><textarea name=\"textarea-1\" placeholder=\"\" id=\"forminator-field-textarea-1_69e3853f25766\" class=\"forminator-textarea\" rows=\"6\" style=\"min-height:140px;\" maxlength=\"180\" ><\/textarea><\/div><\/div><\/div><input type=\"hidden\" name=\"referer_url\" value=\"\" \/><div class=\"forminator-row forminator-row-last\"><div class=\"forminator-col\"><div class=\"forminator-field\"><button class=\"forminator-button forminator-button-submit\">G&ouml;nder<\/button><\/div><\/div><\/div><input type=\"hidden\" id=\"forminator_nonce\" name=\"forminator_nonce\" value=\"5a25d4b852\" \/><input type=\"hidden\" name=\"_wp_http_referer\" value=\"\/index.php\/wp-json\/wp\/v2\/pages\/401\" \/><input type=\"hidden\" name=\"form_id\" value=\"407\"><input type=\"hidden\" name=\"page_id\" value=\"401\"><input type=\"hidden\" name=\"form_type\" value=\"default\"><input type=\"hidden\" name=\"current_url\" value=\"https:\/\/primebright3d.com\/index.php\/iletisim\/\"><input type=\"hidden\" name=\"render_id\" value=\"0\"><input type=\"hidden\" name=\"action\" value=\"forminator_submit_form_custom-forms\"><\/form><\/div>\n\t\t\t\t\t\t<\/div>\n\t\t\t\t<\/div>\n\t\t\t\t\t<\/div>\n\t\t\t\t<\/div>\n\t\t\t\t<\/div>\n\t\t","protected":false},"excerpt":{"rendered":"<p>\u00a0Bize Ula\u015f\u0131n PrimeBright3D olarak t\u00fcm sorular\u0131n\u0131z\u0131, sipari\u015f taleplerinizi ve \u00f6zel tasar\u0131m isteklerinizi yan\u0131tlamaktan memnuniyet duyar\u0131z. \u00c7al\u0131\u015fma Saatlerimiz:Pazartesi \u2013 Cumartesi: 09:00 \u2013 19:00Pazar: Kapal\u0131 \u00a0\u0130leti\u015fim Bilgilerimiz Adres:(Adres bilgisi eklemek istersen buraya yaz.) Telefon: +90 552 447 04 06 E-posta:\u00a0info@primebright3d.com Instagram:\u00a0@primebright3d<\/p>\n","protected":false},"author":1,"featured_media":0,"parent":0,"menu_order":0,"comment_status":"closed","ping_status":"closed","template":"","meta":{"_kad_post_transparent":"","_kad_post_title":"hide","_kad_post_layout":"fullwidth","_kad_post_sidebar_id":"","_kad_post_content_style":"unboxed","_kad_post_vertical_padding":"hide","_kad_post_feature":"hide","_kad_post_feature_position":"","_kad_post_header":false,"_kad_post_footer":false,"footnotes":""},"class_list":["post-401","page","type-page","status-publish","hentry"],"_links":{"self":[{"href":"https:\/\/primebright3d.com\/index.php\/wp-json\/wp\/v2\/pages\/401","targetHints":{"allow":["GET"]}}],"collection":[{"href":"https:\/\/primebright3d.com\/index.php\/wp-json\/wp\/v2\/pages"}],"about":[{"href":"https:\/\/primebright3d.com\/index.php\/wp-json\/wp\/v2\/types\/page"}],"author":[{"embeddable":true,"href":"https:\/\/primebright3d.com\/index.php\/wp-json\/wp\/v2\/users\/1"}],"replies":[{"embeddable":true,"href":"https:\/\/primebright3d.com\/index.php\/wp-json\/wp\/v2\/comments?post=401"}],"version-history":[{"count":7,"href":"https:\/\/primebright3d.com\/index.php\/wp-json\/wp\/v2\/pages\/401\/revisions"}],"predecessor-version":[{"id":410,"href":"https:\/\/primebright3d.com\/index.php\/wp-json\/wp\/v2\/pages\/401\/revisions\/410"}],"wp:attachment":[{"href":"https:\/\/primebright3d.com\/index.php\/wp-json\/wp\/v2\/media?parent=401"}],"curies":[{"name":"wp","href":"https:\/\/api.w.org\/{rel}","templated":true}]}}