{"id":186,"date":"2025-06-30T16:41:05","date_gmt":"2025-06-30T13:41:05","guid":{"rendered":"https:\/\/primebright3d.com\/?page_id=186"},"modified":"2025-07-05T03:02:44","modified_gmt":"2025-07-05T00:02:44","slug":"blog","status":"publish","type":"page","link":"https:\/\/primebright3d.com\/index.php\/blog\/","title":{"rendered":"Blog"},"content":{"rendered":"\t\t<div data-elementor-type=\"wp-page\" data-elementor-id=\"186\" class=\"elementor elementor-186\">\n\t\t\t\t<div class=\"elementor-element elementor-element-da24c2e e-flex e-con-boxed e-con e-parent\" data-id=\"da24c2e\" data-element_type=\"container\">\n\t\t\t\t\t<div class=\"e-con-inner\">\n\t\t\t\t<div class=\"elementor-element elementor-element-cb8b82a elementor-widget elementor-widget-text-editor\" data-id=\"cb8b82a\" data-element_type=\"widget\" data-widget_type=\"text-editor.default\">\n\t\t\t\t<div class=\"elementor-widget-container\">\n\t\t\t\t\t\t\t\t\t<h2 style=\"caret-color: #000000; color: #000000;\" data-start=\"274\" data-end=\"328\"><strong data-start=\"277\" data-end=\"328\">LED I\u015f\u0131kl\u0131 3D Bask\u0131 Gece Lambas\u0131 Nas\u0131l Se\u00e7ilir?<\/strong><\/h2><p style=\"caret-color: #000000; color: #000000;\" data-start=\"330\" data-end=\"609\">Gece lambalar\u0131 hem \u00e7ocuk odalar\u0131nda hem de yatak odalar\u0131nda s\u0131cak ve huzurlu bir atmosfer olu\u015fturur. \u00d6zellikle\u00a0<strong data-start=\"441\" data-end=\"472\">3D bask\u0131 LED gece lambalar\u0131<\/strong>, ki\u015fiye \u00f6zel tasar\u0131m\u0131yla s\u0131radan lambalardan ayr\u0131l\u0131r. Peki kendi odan\u0131z i\u00e7in en do\u011fru gece lambas\u0131n\u0131 se\u00e7erken nelere dikkat etmelisiniz?<\/p><hr style=\"caret-color: #000000; color: #000000;\" data-start=\"611\" data-end=\"614\" \/><h3 style=\"caret-color: #000000; color: #000000;\" data-start=\"616\" data-end=\"652\">\u2705\u00a0<strong data-start=\"622\" data-end=\"652\">1) Nerede Kullanacaks\u0131n\u0131z?<\/strong><\/h3><p style=\"caret-color: #000000; color: #000000;\" data-start=\"654\" data-end=\"708\">\u0130lk ad\u0131m, lamban\u0131n kullan\u0131laca\u011f\u0131 yeri belirlemektir.<\/p><ul style=\"caret-color: #000000; color: #000000;\" data-start=\"709\" data-end=\"964\"><li data-start=\"709\" data-end=\"804\"><p data-start=\"711\" data-end=\"804\">\u00c7ocuk odalar\u0131nda sevimli hayvan fig\u00fcrleri veya isim yaz\u0131l\u0131 tasar\u0131mlar tercih edebilirsiniz.<\/p><\/li><li data-start=\"805\" data-end=\"877\"><p data-start=\"807\" data-end=\"877\">Yatak odas\u0131nda daha soft \u0131\u015f\u0131k veren, minimalist modeller uygun olur.<\/p><\/li><li data-start=\"878\" data-end=\"964\"><p data-start=\"880\" data-end=\"964\">\u00c7al\u0131\u015fma masas\u0131nda ise pleksi standl\u0131 LED ayd\u0131nlatmalar dekoratif bir dokunu\u015f sa\u011flar.<\/p><\/li><\/ul><hr style=\"caret-color: #000000; color: #000000;\" data-start=\"966\" data-end=\"969\" \/><h3 style=\"caret-color: #000000; color: #000000;\" data-start=\"971\" data-end=\"1012\">\ud83d\udca1\u00a0<strong data-start=\"978\" data-end=\"1012\">2) Hangi I\u015f\u0131k T\u00fcr\u00fc Daha Uygun?<\/strong><\/h3><p style=\"caret-color: #000000; color: #000000;\" data-start=\"1014\" data-end=\"1122\">Gece lambalar\u0131 genelde\u00a0<strong data-start=\"1037\" data-end=\"1052\">s\u0131cak beyaz<\/strong>,\u00a0<strong data-start=\"1054\" data-end=\"1069\">so\u011fuk beyaz<\/strong>\u00a0veya\u00a0<strong data-start=\"1075\" data-end=\"1098\">RGB renk de\u011fi\u015ftiren<\/strong>\u00a0LED\u2019lerle haz\u0131rlan\u0131r.<\/p><ul style=\"caret-color: #000000; color: #000000;\" data-start=\"1123\" data-end=\"1320\"><li data-start=\"1123\" data-end=\"1181\"><p data-start=\"1125\" data-end=\"1181\">S\u0131cak beyaz \u0131\u015f\u0131k: Daha huzurlu bir uyku ortam\u0131 sa\u011flar.<\/p><\/li><li data-start=\"1182\" data-end=\"1250\"><p data-start=\"1184\" data-end=\"1250\">RGB LED: Renk de\u011fi\u015ftirme \u00f6zelli\u011fiyle \u00e7ocuklar i\u00e7in e\u011flencelidir.<\/p><\/li><li data-start=\"1251\" data-end=\"1320\"><p data-start=\"1253\" data-end=\"1320\">Uzaktan kumandal\u0131 modeller, \u0131\u015f\u0131k \u015fiddetini ayarlama avantaj\u0131 sunar.<\/p><\/li><\/ul><hr style=\"caret-color: #000000; color: #000000;\" data-start=\"1322\" data-end=\"1325\" \/><h3 style=\"caret-color: #000000; color: #000000;\" data-start=\"1327\" data-end=\"1369\">\ud83d\udee0\ufe0f\u00a0<strong data-start=\"1335\" data-end=\"1369\">3) Enerji T\u00fcketimi ve G\u00fcvenlik<\/strong><\/h3><p style=\"caret-color: #000000; color: #000000;\" data-start=\"1371\" data-end=\"1471\">\u00d6zellikle \u00e7ocuk odalar\u0131 i\u00e7in\u00a0<strong data-start=\"1400\" data-end=\"1423\">pilli LED sistemler<\/strong>, prize ba\u011fl\u0131 kalmadan g\u00fcvenli kullan\u0131m sunar.<\/p><ul style=\"caret-color: #000000; color: #000000;\" data-start=\"1472\" data-end=\"1601\"><li data-start=\"1472\" data-end=\"1541\"><p data-start=\"1474\" data-end=\"1541\">D\u00fc\u015f\u00fck voltajl\u0131 LED devreleri hem ekonomik hem de daha g\u00fcvenlidir.<\/p><\/li><li data-start=\"1542\" data-end=\"1601\"><p data-start=\"1544\" data-end=\"1601\">USB ba\u011flant\u0131l\u0131 \u00fcr\u00fcnler de masa \u00fcst\u00fc kullan\u0131mda pratiktir.<\/p><\/li><\/ul><hr style=\"caret-color: #000000; color: #000000;\" data-start=\"1603\" data-end=\"1606\" \/><h3 style=\"caret-color: #000000; color: #000000;\" data-start=\"1608\" data-end=\"1649\">\u2728\u00a0<strong data-start=\"1614\" data-end=\"1649\">4) Ki\u015fiye \u00d6zel Tasar\u0131m Avantaj\u0131<\/strong><\/h3><p style=\"caret-color: #000000; color: #000000;\" data-start=\"1651\" data-end=\"1742\">3D bask\u0131 ile haz\u0131rlanan gece lambalar\u0131n\u0131n en g\u00fczel yan\u0131\u00a0<strong data-start=\"1707\" data-end=\"1729\">ki\u015fiye \u00f6zel \u00fcretim<\/strong>\u00a0se\u00e7ene\u011fidir:<\/p><ul style=\"caret-color: #000000; color: #000000;\" data-start=\"1743\" data-end=\"1898\"><li data-start=\"1743\" data-end=\"1778\"><p data-start=\"1745\" data-end=\"1778\">\u0130sim veya tarih ekleyebilirsiniz.<\/p><\/li><li data-start=\"1779\" data-end=\"1840\"><p data-start=\"1781\" data-end=\"1840\">Foto\u011frafl\u0131 litofane modeller, hediyelik olarak m\u00fckemmeldir.<\/p><\/li><li data-start=\"1841\" data-end=\"1898\"><p data-start=\"1843\" data-end=\"1898\">Pleksi stand \u00fczerine kendi \u00e7iziminiz lazer kaz\u0131nabilir.<\/p><\/li><\/ul><hr style=\"caret-color: #000000; color: #000000;\" data-start=\"1900\" data-end=\"1903\" \/><h3 style=\"caret-color: #000000; color: #000000;\" data-start=\"1905\" data-end=\"1942\">\ud83c\udf81\u00a0<strong data-start=\"1912\" data-end=\"1942\">5) Hediye Etmek \u0130\u00e7in \u0130deal<\/strong><\/h3><p style=\"caret-color: #000000; color: #000000;\" data-start=\"1944\" data-end=\"2090\">Do\u011fum g\u00fcn\u00fc, bebek odas\u0131 s\u00fcslemesi veya sevgililer g\u00fcn\u00fc hediyesi\u2026<br data-start=\"2008\" data-end=\"2011\" \/>LED \u0131\u015f\u0131kl\u0131 gece lambalar\u0131, duygusal ve uzun \u00f6m\u00fcrl\u00fc bir hediye olarak \u00f6ne \u00e7\u0131kar.<\/p><hr style=\"caret-color: #000000; color: #000000;\" data-start=\"2092\" data-end=\"2095\" \/><h2 style=\"caret-color: #000000; color: #000000;\" data-start=\"2097\" data-end=\"2126\">\ud83c\udf1f\u00a0<strong data-start=\"2103\" data-end=\"2126\">PrimeBright3D Fark\u0131<\/strong><\/h2><p style=\"caret-color: #000000; color: #000000;\" data-start=\"2128\" data-end=\"2333\">PrimeBright3D\u2019de her \u00fcr\u00fcn, at\u00f6lyemizde \u00f6zenle tasarlan\u0131r ve test edilir.<br data-start=\"2200\" data-end=\"2203\" \/>Sipari\u015flerinizde:<br \/>\u2714\ufe0f Ki\u015fiselle\u015ftirme se\u00e7ene\u011fi<br data-start=\"2248\" data-end=\"2251\" \/>\u2714\ufe0f Dayan\u0131kl\u0131 LED devresi<br data-start=\"2275\" data-end=\"2278\" \/>\u2714\ufe0f G\u00fcvenli ambalaj<br data-start=\"2296\" data-end=\"2299\" \/>\u2714\ufe0f H\u0131zl\u0131 kargo avantaj\u0131 sunuyoruz.<\/p><hr style=\"caret-color: #000000; color: #000000;\" data-start=\"2335\" data-end=\"2338\" \/><h3 style=\"caret-color: #000000; color: #000000;\" data-start=\"2340\" data-end=\"2376\">\ud83d\udd17\u00a0<strong data-start=\"2347\" data-end=\"2376\">Koleksiyonumuzu Ke\u015ffedin!<\/strong><\/h3>\t\t\t\t\t\t\t\t<\/div>\n\t\t\t\t<\/div>\n\t\t\t\t\t<\/div>\n\t\t\t\t<\/div>\n\t\t\t\t<\/div>\n\t\t","protected":false},"excerpt":{"rendered":"<p>LED I\u015f\u0131kl\u0131 3D Bask\u0131 Gece Lambas\u0131 Nas\u0131l Se\u00e7ilir? Gece lambalar\u0131 hem \u00e7ocuk odalar\u0131nda hem de yatak odalar\u0131nda s\u0131cak ve huzurlu bir atmosfer olu\u015fturur. \u00d6zellikle\u00a03D bask\u0131 LED gece lambalar\u0131, ki\u015fiye \u00f6zel tasar\u0131m\u0131yla s\u0131radan lambalardan ayr\u0131l\u0131r. Peki kendi odan\u0131z i\u00e7in en do\u011fru gece lambas\u0131n\u0131 se\u00e7erken nelere dikkat etmelisiniz? \u2705\u00a01) Nerede Kullanacaks\u0131n\u0131z? \u0130lk ad\u0131m, lamban\u0131n kullan\u0131laca\u011f\u0131 yeri belirlemektir&#8230;.<\/p>\n","protected":false},"author":1,"featured_media":0,"parent":0,"menu_order":0,"comment_status":"closed","ping_status":"closed","template":"","meta":{"_kad_post_transparent":"","_kad_post_title":"hide","_kad_post_layout":"fullwidth","_kad_post_sidebar_id":"","_kad_post_content_style":"unboxed","_kad_post_vertical_padding":"hide","_kad_post_feature":"hide","_kad_post_feature_position":"","_kad_post_header":false,"_kad_post_footer":false,"footnotes":""},"class_list":["post-186","page","type-page","status-publish","hentry"],"_links":{"self":[{"href":"https:\/\/primebright3d.com\/index.php\/wp-json\/wp\/v2\/pages\/186","targetHints":{"allow":["GET"]}}],"collection":[{"href":"https:\/\/primebright3d.com\/index.php\/wp-json\/wp\/v2\/pages"}],"about":[{"href":"https:\/\/primebright3d.com\/index.php\/wp-json\/wp\/v2\/types\/page"}],"author":[{"embeddable":true,"href":"https:\/\/primebright3d.com\/index.php\/wp-json\/wp\/v2\/users\/1"}],"replies":[{"embeddable":true,"href":"https:\/\/primebright3d.com\/index.php\/wp-json\/wp\/v2\/comments?post=186"}],"version-history":[{"count":4,"href":"https:\/\/primebright3d.com\/index.php\/wp-json\/wp\/v2\/pages\/186\/revisions"}],"predecessor-version":[{"id":399,"href":"https:\/\/primebright3d.com\/index.php\/wp-json\/wp\/v2\/pages\/186\/revisions\/399"}],"wp:attachment":[{"href":"https:\/\/primebright3d.com\/index.php\/wp-json\/wp\/v2\/media?parent=186"}],"curies":[{"name":"wp","href":"https:\/\/api.w.org\/{rel}","templated":true}]}}