{"id":180,"date":"2025-06-30T16:37:41","date_gmt":"2025-06-30T13:37:41","guid":{"rendered":"https:\/\/primebright3d.com\/?page_id=180"},"modified":"2025-06-30T16:47:45","modified_gmt":"2025-06-30T13:47:45","slug":"hakkimizda","status":"publish","type":"page","link":"https:\/\/primebright3d.com\/index.php\/hakkimizda\/","title":{"rendered":"Hakk\u0131m\u0131zda"},"content":{"rendered":"\t\t<div data-elementor-type=\"wp-page\" data-elementor-id=\"180\" class=\"elementor elementor-180\">\n\t\t\t\t<div class=\"elementor-element elementor-element-2a5ad36 e-flex e-con-boxed e-con e-parent\" data-id=\"2a5ad36\" data-element_type=\"container\">\n\t\t\t\t\t<div class=\"e-con-inner\">\n\t\t\t\t<div class=\"elementor-element elementor-element-fce8cb3 elementor-widget elementor-widget-text-editor\" data-id=\"fce8cb3\" data-element_type=\"widget\" data-widget_type=\"text-editor.default\">\n\t\t\t\t<div class=\"elementor-widget-container\">\n\t\t\t\t\t\t\t\t\t<p data-start=\"168\" data-end=\"351\">Merhaba!<br \/><br data-start=\"176\" data-end=\"179\" \/>Biz, hayallerinizi ger\u00e7e\u011fe d\u00f6n\u00fc\u015ft\u00fcrmek i\u00e7in yola \u00e7\u0131km\u0131\u015f yarat\u0131c\u0131 bir ekibiz.<br data-start=\"255\" data-end=\"258\" \/>M\u00fc\u015fterilerimize kaliteli \u00fcr\u00fcnler, g\u00fcvenilir hizmet ve %100 memnuniyet sunmay\u0131 hedefliyoruz.<br \/><br \/><\/p><p data-start=\"353\" data-end=\"589\">Kuruldu\u011fumuz g\u00fcnden bu yana, \u00f6zg\u00fcn tasar\u0131mlar\u0131m\u0131z, titiz i\u015f\u00e7ili\u011fimiz ve yenilik\u00e7i yakla\u015f\u0131m\u0131m\u0131zla her zaman bir ad\u0131m \u00f6nde olmay\u0131 ama\u00e7l\u0131yoruz.<br data-start=\"493\" data-end=\"496\" \/>M\u00fc\u015fteri odakl\u0131 \u00e7al\u0131\u015fma anlay\u0131\u015f\u0131m\u0131z sayesinde, sadece \u00fcr\u00fcn de\u011fil, bir <strong data-start=\"565\" data-end=\"576\">deneyim<\/strong> sunuyoruz.<br \/><br \/><\/p><p data-start=\"591\" data-end=\"714\">Her bir \u00fcr\u00fcn\u00fcm\u00fczde, eme\u011fimizi ve tutkuyla \u00fcretti\u011fimiz detaylar\u0131 g\u00f6rebilirsiniz.<br data-start=\"670\" data-end=\"673\" \/>Siz hayal edin, biz ger\u00e7e\u011fe d\u00f6n\u00fc\u015ft\u00fcrelim!<br \/><br \/><\/p><p data-start=\"716\" data-end=\"785\">Bize inand\u0131\u011f\u0131n\u0131z i\u00e7in te\u015fekk\u00fcr ederiz.<br data-start=\"754\" data-end=\"757\" \/>G\u00fcveniniz, ilham kayna\u011f\u0131m\u0131z!<br \/><br \/><\/p><p data-start=\"716\" data-end=\"785\">\u00a0<\/p><p>\u00a0<\/p><p data-start=\"787\" data-end=\"829\">\ud83d\udcab <strong data-start=\"790\" data-end=\"829\">Siz de bu ailenin bir par\u00e7as\u0131 olun!<\/strong><\/p>\t\t\t\t\t\t\t\t<\/div>\n\t\t\t\t<\/div>\n\t\t\t\t\t<\/div>\n\t\t\t\t<\/div>\n\t\t\t\t<\/div>\n\t\t","protected":false},"excerpt":{"rendered":"<p>Merhaba!Biz, hayallerinizi ger\u00e7e\u011fe d\u00f6n\u00fc\u015ft\u00fcrmek i\u00e7in yola \u00e7\u0131km\u0131\u015f yarat\u0131c\u0131 bir ekibiz.M\u00fc\u015fterilerimize kaliteli \u00fcr\u00fcnler, g\u00fcvenilir hizmet ve %100 memnuniyet sunmay\u0131 hedefliyoruz. Kuruldu\u011fumuz g\u00fcnden bu yana, \u00f6zg\u00fcn tasar\u0131mlar\u0131m\u0131z, titiz i\u015f\u00e7ili\u011fimiz ve yenilik\u00e7i yakla\u015f\u0131m\u0131m\u0131zla her zaman bir ad\u0131m \u00f6nde olmay\u0131 ama\u00e7l\u0131yoruz.M\u00fc\u015fteri odakl\u0131 \u00e7al\u0131\u015fma anlay\u0131\u015f\u0131m\u0131z sayesinde, sadece \u00fcr\u00fcn de\u011fil, bir deneyim sunuyoruz. Her bir \u00fcr\u00fcn\u00fcm\u00fczde, eme\u011fimizi ve tutkuyla \u00fcretti\u011fimiz detaylar\u0131&#8230;<\/p>\n","protected":false},"author":1,"featured_media":0,"parent":0,"menu_order":0,"comment_status":"closed","ping_status":"closed","template":"","meta":{"_kad_post_transparent":"","_kad_post_title":"","_kad_post_layout":"","_kad_post_sidebar_id":"","_kad_post_content_style":"","_kad_post_vertical_padding":"","_kad_post_feature":"","_kad_post_feature_position":"","_kad_post_header":false,"_kad_post_footer":false,"footnotes":""},"class_list":["post-180","page","type-page","status-publish","hentry"],"_links":{"self":[{"href":"https:\/\/primebright3d.com\/index.php\/wp-json\/wp\/v2\/pages\/180","targetHints":{"allow":["GET"]}}],"collection":[{"href":"https:\/\/primebright3d.com\/index.php\/wp-json\/wp\/v2\/pages"}],"about":[{"href":"https:\/\/primebright3d.com\/index.php\/wp-json\/wp\/v2\/types\/page"}],"author":[{"embeddable":true,"href":"https:\/\/primebright3d.com\/index.php\/wp-json\/wp\/v2\/users\/1"}],"replies":[{"embeddable":true,"href":"https:\/\/primebright3d.com\/index.php\/wp-json\/wp\/v2\/comments?post=180"}],"version-history":[{"count":4,"href":"https:\/\/primebright3d.com\/index.php\/wp-json\/wp\/v2\/pages\/180\/revisions"}],"predecessor-version":[{"id":193,"href":"https:\/\/primebright3d.com\/index.php\/wp-json\/wp\/v2\/pages\/180\/revisions\/193"}],"wp:attachment":[{"href":"https:\/\/primebright3d.com\/index.php\/wp-json\/wp\/v2\/media?parent=180"}],"curies":[{"name":"wp","href":"https:\/\/api.w.org\/{rel}","templated":true}]}}